{"id":9,"date":"2020-06-03T21:17:55","date_gmt":"2020-06-03T19:17:55","guid":{"rendered":"http:\/\/gdproject.sk\/?page_id=9"},"modified":"2020-10-01T21:19:19","modified_gmt":"2020-10-01T19:19:19","slug":"profil","status":"publish","type":"page","link":"https:\/\/gdproject.sk\/?page_id=9","title":{"rendered":"Profil"},"content":{"rendered":"\n<div class=\"wp-block-image\"><figure class=\"alignleft size-large is-resized\"><img loading=\"lazy\" src=\"http:\/\/gdproject.sk\/wp-content\/uploads\/2020\/06\/gd.jpg\" alt=\"\" class=\"wp-image-6\" width=\"237\" height=\"349\" srcset=\"https:\/\/gdproject.sk\/wp-content\/uploads\/2020\/06\/gd.jpg 407w, https:\/\/gdproject.sk\/wp-content\/uploads\/2020\/06\/gd-204x300.jpg 204w\" sizes=\"(max-width: 237px) 100vw, 237px\" \/><\/figure><\/div>\n\n\n\n<p class=\"has-text-align-left\">GD PROJECT aplik\u00e1ciou svojich produktov (TPM, audit \u00fadr\u017eby, performance management) posunul a st\u00e1le pos\u00fava spolo\u010dnosti v r\u00e1mci Slovenskej a \u010ceskej republiky dopredu, pre ich lep\u0161ie postavenie v ich konkuren\u010dnom prostred\u00ed.<\/p>\n\n\n\n<p>Na\u0161ou konkuren\u010dnou v\u00fdhodou je sp\u00e1janie dobrej te\u00f3rie s najlep\u0161ou praxou.<\/p>\n\n\n\n<p>Zakladate\u013eom GD PROJECT je&nbsp;<strong>Ing. Gabriel Draveck\u00fd<\/strong>,<strong>PhD.<\/strong>&nbsp;ktor\u00fd m\u00e1 za sebou profesijn\u00fa mana\u017e\u00e9rsku cestu v oblasti modelovania a mana\u017eovania modern\u00e9ho sp\u00f4sobu \u00fadr\u017eby zhodnoten\u00fa o spolupr\u00e1cu s technick\u00fdmi univerzitami zaoberaj\u00facich sa \u00fadr\u017ebou ako aj so Slovenskou spolo\u010dnos\u0165ou \u00fadr\u017eby, ktor\u00e1 je \u010dlenom eur\u00f3pskych spolo\u010dnost\u00ed pre \u00fadr\u017ebu.<\/p>\n\n\n\n<p>Pre trval\u00e9 zvy\u0161ovanie vysokej kvality produkcie a vylep\u0161enie konkurencieschopnosti zav\u00e1dzame zdokona\u013eovacie mana\u017e\u00e9rske syst\u00e9my pre efekt\u00edvne riadenie podnikov. Najprofilovej\u0161\u00edmi produktami s\u00fa&nbsp;<strong>tot\u00e1lne produkt\u00edvna \u00fadr\u017eba (TPM), audit \u00fadr\u017eby<\/strong>&nbsp;v zmysle eur\u00f3pskych noriem pre \u00fadr\u017ebu a&nbsp;<strong>performance management<\/strong>.<\/p>\n\n\n\n<p>V roku 2006 sa Ing. Gabriel Draveck\u00fd,PhD. stal v r\u00e1mci Slovenskej spolo\u010dnosti \u00fadr\u017eby \u201e\u00dadr\u017eb\u00e1r roka 2005\u201c a v roku 2012 mu Zv\u00e4z slovensk\u00fdch vedeckotechnick\u00fdch spolo\u010dnost\u00ed udelil ocenenie\u00a0<a href=\"http:\/\/gdproject.sk\/wp-content\/uploads\/2020\/10\/Medaila.jpg\" target=\"_blank\" rel=\"noreferrer noopener\">\u201eStrieborn\u00e1 medaila ZSVTS\u201c.<\/a><br>Ako akt\u00edvny \u010dlen Slovenskej spolo\u010dnosti \u00fadr\u017eby v spolupr\u00e1ci s odborn\u00edkmi \u00fadr\u017eby na Slovensku z\u00e1rove\u0148 podporujeme rozvoj a smerovanie Slovenskej spolo\u010dnosti \u00fadr\u017eby pre v\u0161estrann\u00e9 vedomie slovenskej \u00fadr\u017eb\u00e1rskej obce.<\/p>\n\n\n\n<blockquote class=\"wp-block-quote\"><p>Pre v\u00e1\u0161 \u00faspech sp\u00e1jame dobr\u00fa te\u00f3riu s najlep\u0161ou praxou.<\/p><\/blockquote>\n\n\n\n<p><a href=\"http:\/\/gdproject.sk\/wp-content\/uploads\/2020\/10\/VAUInalfa.pdf\" target=\"_blank\" rel=\"noreferrer noopener\">Po nez\u00e1vislom audite zistili, \u017ee maj\u00fa priestor na v\u00fdrazn\u00e9 zlep\u0161enia<br><\/a><a href=\"http:\/\/gdproject.sk\/wp-content\/uploads\/2020\/10\/problematika_udrzby.pdf\" target=\"_blank\" rel=\"noreferrer noopener\">Problematika \u00fadr\u017eby nie je len ot\u00e1zkou pe\u0148az\u00ed (rozhovor uverejnen\u00fd v \u010dasopise AT&amp;P journal)<\/a><br><a rel=\"noreferrer noopener\" href=\"http:\/\/www.atpjournal.sk\/rubriky\/aplikacie\/prakticke-skusenosti-pri-zvysovani-efektivnosti-vyrobnych-zariadeni-spolocnosti-hella-slovakia-signal-lighting-s.r.o..html?page_id=19627\" target=\"_blank\">Praktick\u00e9 sk\u00fasenosti pri zvy\u0161ovan\u00ed efekt\u00edvnosti v\u00fdrobn\u00fdch zariaden\u00ed spolo\u010dnosti Hella<br><\/a><a rel=\"noreferrer noopener\" href=\"http:\/\/www.atpjournal.sk\/rubriky\/rozhovory\/vykonnostny-audit-udrzby-maokamziteajdlhodobe-prinosy.html?page_id=17315&amp;from=rss\" target=\"_blank\">V\u00fdkonnostn\u00fd audit \u00fadr\u017eby m\u00e1 okam\u017eit\u00e9 aj dlhodob\u00e9 pr\u00ednosy (rozhovor uverejnen\u00fd v \u010dasopise AT&amp;P journal)<br><\/a><a rel=\"noreferrer noopener\" href=\"http:\/\/www.atpjournal.sk\/rubriky\/aplikacie\/reaktivnu-udrzbu-nahradila-preventivna-aprediktivna-udrzba.html?page_id=24587\" target=\"_blank\">Reakt\u00edvnu \u00fadr\u017ebu nahradila prevent\u00edvna a predikt\u00edvna \u00fadr\u017eba<\/a><\/p>\n","protected":false},"excerpt":{"rendered":"<p>GD PROJECT aplik\u00e1ciou svojich produktov (TPM, audit \u00fadr\u017eby, performance management) posunul a st\u00e1le pos\u00fava spolo\u010dnosti v r\u00e1mci Slovenskej a \u010ceskej republiky dopredu, pre ich lep\u0161ie postavenie v ich konkuren\u010dnom prostred\u00ed. Na\u0161ou konkuren\u010dnou v\u00fdhodou je sp\u00e1janie dobrej te\u00f3rie s najlep\u0161ou praxou. Zakladate\u013eom GD PROJECT je&nbsp;Ing. Gabriel Draveck\u00fd,PhD.&nbsp;ktor\u00fd m\u00e1 za sebou profesijn\u00fa mana\u017e\u00e9rsku cestu v oblasti modelovania [&hellip;]<\/p>\n","protected":false},"author":1,"featured_media":0,"parent":0,"menu_order":0,"comment_status":"closed","ping_status":"closed","template":"","meta":{"_monsterinsights_skip_tracking":false,"_monsterinsights_sitenote_active":false,"_monsterinsights_sitenote_note":"","_monsterinsights_sitenote_category":0},"yoast_head":"<!-- This site is optimized with the Yoast SEO plugin v14.3 - https:\/\/yoast.com\/wordpress\/plugins\/seo\/ -->\n<title>Profil - GD Project<\/title>\n<meta name=\"robots\" content=\"index, follow\" \/>\n<meta name=\"googlebot\" content=\"index, follow, max-snippet:-1, max-image-preview:large, max-video-preview:-1\" \/>\n<meta name=\"bingbot\" content=\"index, follow, max-snippet:-1, max-image-preview:large, max-video-preview:-1\" \/>\n<link rel=\"canonical\" href=\"http:\/\/gdproject.sk\/?page_id=9\" \/>\n<meta property=\"og:locale\" content=\"sk_SK\" \/>\n<meta property=\"og:type\" content=\"article\" \/>\n<meta property=\"og:title\" content=\"Profil - GD Project\" \/>\n<meta property=\"og:description\" content=\"GD PROJECT aplik\u00e1ciou svojich produktov (TPM, audit \u00fadr\u017eby, performance management) posunul a st\u00e1le pos\u00fava spolo\u010dnosti v r\u00e1mci Slovenskej a \u010ceskej republiky dopredu, pre ich lep\u0161ie postavenie v ich konkuren\u010dnom prostred\u00ed. Na\u0161ou konkuren\u010dnou v\u00fdhodou je sp\u00e1janie dobrej te\u00f3rie s najlep\u0161ou praxou. Zakladate\u013eom GD PROJECT je&nbsp;Ing. Gabriel Draveck\u00fd,PhD.&nbsp;ktor\u00fd m\u00e1 za sebou profesijn\u00fa mana\u017e\u00e9rsku cestu v oblasti modelovania [&hellip;]\" \/>\n<meta property=\"og:url\" content=\"http:\/\/gdproject.sk\/?page_id=9\" \/>\n<meta property=\"og:site_name\" content=\"GD Project\" \/>\n<meta property=\"article:modified_time\" content=\"2020-10-01T19:19:19+00:00\" \/>\n<meta property=\"og:image\" content=\"http:\/\/gdproject.sk\/wp-content\/uploads\/2020\/06\/gd.jpg\" \/>\n<meta name=\"twitter:card\" content=\"summary_large_image\" \/>\n<script type=\"application\/ld+json\" class=\"yoast-schema-graph\">{\"@context\":\"https:\/\/schema.org\",\"@graph\":[{\"@type\":\"WebSite\",\"@id\":\"https:\/\/gdproject.sk\/#website\",\"url\":\"https:\/\/gdproject.sk\/\",\"name\":\"GD Project\",\"description\":\"Dobr\\u00e1 te\\u00f3ria s najlep\\u0161ou praxou\",\"potentialAction\":[{\"@type\":\"SearchAction\",\"target\":\"https:\/\/gdproject.sk\/?s={search_term_string}\",\"query-input\":\"required name=search_term_string\"}],\"inLanguage\":\"sk-SK\"},{\"@type\":\"ImageObject\",\"@id\":\"http:\/\/gdproject.sk\/?page_id=9#primaryimage\",\"inLanguage\":\"sk-SK\",\"url\":\"http:\/\/gdproject.sk\/wp-content\/uploads\/2020\/06\/gd.jpg\"},{\"@type\":\"WebPage\",\"@id\":\"http:\/\/gdproject.sk\/?page_id=9#webpage\",\"url\":\"http:\/\/gdproject.sk\/?page_id=9\",\"name\":\"Profil - GD Project\",\"isPartOf\":{\"@id\":\"https:\/\/gdproject.sk\/#website\"},\"primaryImageOfPage\":{\"@id\":\"http:\/\/gdproject.sk\/?page_id=9#primaryimage\"},\"datePublished\":\"2020-06-03T19:17:55+00:00\",\"dateModified\":\"2020-10-01T19:19:19+00:00\",\"inLanguage\":\"sk-SK\",\"potentialAction\":[{\"@type\":\"ReadAction\",\"target\":[\"http:\/\/gdproject.sk\/?page_id=9\"]}]}]}<\/script>\n<!-- \/ Yoast SEO plugin. -->","_links":{"self":[{"href":"https:\/\/gdproject.sk\/index.php?rest_route=\/wp\/v2\/pages\/9"}],"collection":[{"href":"https:\/\/gdproject.sk\/index.php?rest_route=\/wp\/v2\/pages"}],"about":[{"href":"https:\/\/gdproject.sk\/index.php?rest_route=\/wp\/v2\/types\/page"}],"author":[{"embeddable":true,"href":"https:\/\/gdproject.sk\/index.php?rest_route=\/wp\/v2\/users\/1"}],"replies":[{"embeddable":true,"href":"https:\/\/gdproject.sk\/index.php?rest_route=%2Fwp%2Fv2%2Fcomments&post=9"}],"version-history":[{"count":6,"href":"https:\/\/gdproject.sk\/index.php?rest_route=\/wp\/v2\/pages\/9\/revisions"}],"predecessor-version":[{"id":240,"href":"https:\/\/gdproject.sk\/index.php?rest_route=\/wp\/v2\/pages\/9\/revisions\/240"}],"wp:attachment":[{"href":"https:\/\/gdproject.sk\/index.php?rest_route=%2Fwp%2Fv2%2Fmedia&parent=9"}],"curies":[{"name":"wp","href":"https:\/\/api.w.org\/{rel}","templated":true}]}}